{"id":18,"date":"2021-04-25T20:08:36","date_gmt":"2021-04-25T20:08:36","guid":{"rendered":"https:\/\/heartwerk-werbemanufaktur.de\/?page_id=18"},"modified":"2021-10-07T17:46:42","modified_gmt":"2021-10-07T17:46:42","slug":"portofolio","status":"publish","type":"page","link":"https:\/\/heartwerk-werbemanufaktur.de\/?page_id=18","title":{"rendered":"Produkte"},"content":{"rendered":"\n<div class=\"wp-block-columns is-layout-flex wp-container-core-columns-is-layout-9d6595d7 wp-block-columns-is-layout-flex\">\n<div class=\"wp-block-column is-layout-flow wp-block-column-is-layout-flow\">\n<figure class=\"wp-block-image size-large is-resized\"><img decoding=\"async\" src=\"https:\/\/heartwerk-werbemanufaktur.de\/wp-content\/uploads\/2021\/05\/IMG_20210119_145119-edited-scaled.jpg\" alt=\"\" class=\"wp-image-59\" width=\"357\" srcset=\"https:\/\/heartwerk-werbemanufaktur.de\/wp-content\/uploads\/2021\/05\/IMG_20210119_145119-edited-scaled.jpg 2557w, https:\/\/heartwerk-werbemanufaktur.de\/wp-content\/uploads\/2021\/05\/IMG_20210119_145119-edited-300x300.jpg 300w, https:\/\/heartwerk-werbemanufaktur.de\/wp-content\/uploads\/2021\/05\/IMG_20210119_145119-edited-1024x1024.jpg 1024w, https:\/\/heartwerk-werbemanufaktur.de\/wp-content\/uploads\/2021\/05\/IMG_20210119_145119-edited-150x150.jpg 150w, https:\/\/heartwerk-werbemanufaktur.de\/wp-content\/uploads\/2021\/05\/IMG_20210119_145119-edited-768x769.jpg 768w, https:\/\/heartwerk-werbemanufaktur.de\/wp-content\/uploads\/2021\/05\/IMG_20210119_145119-edited-1534x1536.jpg 1534w, https:\/\/heartwerk-werbemanufaktur.de\/wp-content\/uploads\/2021\/05\/IMG_20210119_145119-edited-2045x2048.jpg 2045w\" sizes=\"(max-width: 2557px) 100vw, 2557px\" \/><\/figure>\n\n\n\n<h3 class=\"has-text-align-center wp-block-heading\">HeArtWerk Beanies<\/h3>\n\n\n\n<p class=\"has-text-align-center\">Veredlung mit individuellem Logo in h\u00f6chster Qualit\u00e4t. <br><strong>Edel &#8211; Stylisch &#8211; Individuell<\/strong>.<\/p>\n\n\n\n<div class=\"wp-block-buttons is-layout-flex wp-block-buttons-is-layout-flex\">\n<div class=\"wp-block-button has-custom-width wp-block-button__width-100 is-style-primary\"><a class=\"wp-block-button__link\" href=\"https:\/\/heartwerk-werbemanufaktur.de\/?page_id=130\">Konfigurieren<\/a><\/div>\n<\/div>\n<\/div>\n\n\n\n<div class=\"wp-block-column is-layout-flow wp-block-column-is-layout-flow\">\n<figure class=\"wp-block-image size-large\"><img loading=\"lazy\" decoding=\"async\" width=\"1200\" height=\"1198\" src=\"https:\/\/heartwerk-werbemanufaktur.de\/wp-content\/uploads\/2021\/06\/IMG-20210610-WA0014-edited.jpg\" alt=\"\" class=\"wp-image-79\" srcset=\"https:\/\/heartwerk-werbemanufaktur.de\/wp-content\/uploads\/2021\/06\/IMG-20210610-WA0014-edited.jpg 1200w, https:\/\/heartwerk-werbemanufaktur.de\/wp-content\/uploads\/2021\/06\/IMG-20210610-WA0014-edited-300x300.jpg 300w, https:\/\/heartwerk-werbemanufaktur.de\/wp-content\/uploads\/2021\/06\/IMG-20210610-WA0014-edited-1024x1022.jpg 1024w, https:\/\/heartwerk-werbemanufaktur.de\/wp-content\/uploads\/2021\/06\/IMG-20210610-WA0014-edited-150x150.jpg 150w, https:\/\/heartwerk-werbemanufaktur.de\/wp-content\/uploads\/2021\/06\/IMG-20210610-WA0014-edited-768x767.jpg 768w\" sizes=\"auto, (max-width: 1200px) 100vw, 1200px\" \/><\/figure>\n\n\n\n<h3 class=\"has-text-align-center wp-block-heading\">Fr\u00fchst\u00fccksbrettchen<\/h3>\n\n\n\n<p class=\"has-text-align-center\">Hochwertiges Holz aus der Region mit individueller Lasergravur. L\u00e4sst keine Gestaltungsw\u00fcnsche offen.<\/p>\n\n\n\n<div class=\"wp-block-buttons is-layout-flex wp-block-buttons-is-layout-flex\">\n<div class=\"wp-block-button has-custom-width wp-block-button__width-100 is-style-primary\"><a class=\"wp-block-button__link\" href=\"https:\/\/heartwerk-werbemanufaktur.de\/?page_id=130\">Konfigurieren<\/a><\/div>\n<\/div>\n<\/div>\n\n\n\n<div class=\"wp-block-column is-layout-flow wp-block-column-is-layout-flow\">\n<figure class=\"wp-block-image size-large\"><img loading=\"lazy\" decoding=\"async\" width=\"1200\" height=\"1198\" src=\"https:\/\/heartwerk-werbemanufaktur.de\/wp-content\/uploads\/2021\/06\/IMG-20210610-WA0031-edited.jpg\" alt=\"\" class=\"wp-image-82\" srcset=\"https:\/\/heartwerk-werbemanufaktur.de\/wp-content\/uploads\/2021\/06\/IMG-20210610-WA0031-edited.jpg 1200w, https:\/\/heartwerk-werbemanufaktur.de\/wp-content\/uploads\/2021\/06\/IMG-20210610-WA0031-edited-300x300.jpg 300w, https:\/\/heartwerk-werbemanufaktur.de\/wp-content\/uploads\/2021\/06\/IMG-20210610-WA0031-edited-1024x1022.jpg 1024w, https:\/\/heartwerk-werbemanufaktur.de\/wp-content\/uploads\/2021\/06\/IMG-20210610-WA0031-edited-150x150.jpg 150w, https:\/\/heartwerk-werbemanufaktur.de\/wp-content\/uploads\/2021\/06\/IMG-20210610-WA0031-edited-768x767.jpg 768w\" sizes=\"auto, (max-width: 1200px) 100vw, 1200px\" \/><\/figure>\n\n\n\n<h3 class=\"has-text-align-center wp-block-heading\">Kaffee-\/Tee-Tasse<\/h3>\n\n\n\n<p class=\"has-text-align-center\">Der Klassiker unter den Werbegoodies. Gro\u00dfe Auswahl an Modellen mit individueller Gestaltungsm\u00f6glichkeit. <\/p>\n\n\n\n<div class=\"wp-block-buttons is-layout-flex wp-block-buttons-is-layout-flex\">\n<div class=\"wp-block-button has-custom-width wp-block-button__width-100 is-style-primary\"><a class=\"wp-block-button__link\" href=\"https:\/\/heartwerk-werbemanufaktur.de\/?page_id=130\">Konfigurieren<\/a><\/div>\n<\/div>\n<\/div>\n<\/div>\n\n\n\n<div class=\"wp-block-columns is-layout-flex wp-container-core-columns-is-layout-9d6595d7 wp-block-columns-is-layout-flex\">\n<div class=\"wp-block-column is-layout-flow wp-block-column-is-layout-flow\">\n<figure class=\"wp-block-image size-large\"><img loading=\"lazy\" decoding=\"async\" width=\"2558\" height=\"2560\" src=\"https:\/\/heartwerk-werbemanufaktur.de\/wp-content\/uploads\/2021\/05\/IMG_20210119_141749-1-edited-scaled.jpg\" alt=\"\" class=\"wp-image-62\" srcset=\"https:\/\/heartwerk-werbemanufaktur.de\/wp-content\/uploads\/2021\/05\/IMG_20210119_141749-1-edited-scaled.jpg 2558w, https:\/\/heartwerk-werbemanufaktur.de\/wp-content\/uploads\/2021\/05\/IMG_20210119_141749-1-edited-300x300.jpg 300w, https:\/\/heartwerk-werbemanufaktur.de\/wp-content\/uploads\/2021\/05\/IMG_20210119_141749-1-edited-1024x1024.jpg 1024w, https:\/\/heartwerk-werbemanufaktur.de\/wp-content\/uploads\/2021\/05\/IMG_20210119_141749-1-edited-150x150.jpg 150w, https:\/\/heartwerk-werbemanufaktur.de\/wp-content\/uploads\/2021\/05\/IMG_20210119_141749-1-edited-768x769.jpg 768w, https:\/\/heartwerk-werbemanufaktur.de\/wp-content\/uploads\/2021\/05\/IMG_20210119_141749-1-edited-1536x1536.jpg 1536w\" sizes=\"auto, (max-width: 2558px) 100vw, 2558px\" \/><\/figure>\n\n\n\n<h3 class=\"has-text-align-center wp-block-heading\">Gl\u00e4ser mit Gravur<\/h3>\n\n\n\n<p class=\"has-text-align-center\">Mehrzweck-, Wein- oder Biergl\u00e4ser. Hier bleiben keine W\u00fcnsche offen. Wir gestalten Ihr Wunschglas!<\/p>\n\n\n\n<div class=\"wp-block-buttons is-layout-flex wp-block-buttons-is-layout-flex\">\n<div class=\"wp-block-button has-custom-width wp-block-button__width-100 is-style-primary\"><a class=\"wp-block-button__link\" href=\"https:\/\/heartwerk-werbemanufaktur.de\/?page_id=130\">Konfigurieren<\/a><\/div>\n<\/div>\n<\/div>\n\n\n\n<div class=\"wp-block-column is-layout-flow wp-block-column-is-layout-flow\">\n<figure class=\"wp-block-image size-large\"><img loading=\"lazy\" decoding=\"async\" width=\"2560\" height=\"2555\" src=\"https:\/\/heartwerk-werbemanufaktur.de\/wp-content\/uploads\/2021\/05\/IMG_20210325_095334-edited-scaled.jpg\" alt=\"\" class=\"wp-image-63\" srcset=\"https:\/\/heartwerk-werbemanufaktur.de\/wp-content\/uploads\/2021\/05\/IMG_20210325_095334-edited-scaled.jpg 2560w, https:\/\/heartwerk-werbemanufaktur.de\/wp-content\/uploads\/2021\/05\/IMG_20210325_095334-edited-300x300.jpg 300w, https:\/\/heartwerk-werbemanufaktur.de\/wp-content\/uploads\/2021\/05\/IMG_20210325_095334-edited-1024x1022.jpg 1024w, https:\/\/heartwerk-werbemanufaktur.de\/wp-content\/uploads\/2021\/05\/IMG_20210325_095334-edited-150x150.jpg 150w, https:\/\/heartwerk-werbemanufaktur.de\/wp-content\/uploads\/2021\/05\/IMG_20210325_095334-edited-768x766.jpg 768w, https:\/\/heartwerk-werbemanufaktur.de\/wp-content\/uploads\/2021\/05\/IMG_20210325_095334-edited-1536x1533.jpg 1536w, https:\/\/heartwerk-werbemanufaktur.de\/wp-content\/uploads\/2021\/05\/IMG_20210325_095334-edited-2048x2044.jpg 2048w\" sizes=\"auto, (max-width: 2560px) 100vw, 2560px\" \/><\/figure>\n\n\n\n<h3 class=\"has-text-align-center wp-block-heading\">Brotdose<\/h3>\n\n\n\n<p class=\"has-text-align-center\">Passend f\u00fcr Kita oder Schule. Individuell gravierte Brotdosen sind eine tolle Geschenkidee!<\/p>\n\n\n\n<div class=\"wp-block-buttons is-layout-flex wp-block-buttons-is-layout-flex\">\n<div class=\"wp-block-button has-custom-width wp-block-button__width-100 is-style-primary\"><a class=\"wp-block-button__link\" href=\"https:\/\/heartwerk-werbemanufaktur.de\/?page_id=130\">Konfigurieren<\/a><\/div>\n<\/div>\n<\/div>\n\n\n\n<div class=\"wp-block-column is-layout-flow wp-block-column-is-layout-flow\">\n<figure class=\"wp-block-image size-large\"><img loading=\"lazy\" decoding=\"async\" width=\"1200\" height=\"1201\" src=\"https:\/\/heartwerk-werbemanufaktur.de\/wp-content\/uploads\/2021\/06\/IMG-20210610-WA0030-edited.jpg\" alt=\"\" class=\"wp-image-84\" srcset=\"https:\/\/heartwerk-werbemanufaktur.de\/wp-content\/uploads\/2021\/06\/IMG-20210610-WA0030-edited.jpg 1200w, https:\/\/heartwerk-werbemanufaktur.de\/wp-content\/uploads\/2021\/06\/IMG-20210610-WA0030-edited-300x300.jpg 300w, https:\/\/heartwerk-werbemanufaktur.de\/wp-content\/uploads\/2021\/06\/IMG-20210610-WA0030-edited-1024x1024.jpg 1024w, https:\/\/heartwerk-werbemanufaktur.de\/wp-content\/uploads\/2021\/06\/IMG-20210610-WA0030-edited-150x150.jpg 150w, https:\/\/heartwerk-werbemanufaktur.de\/wp-content\/uploads\/2021\/06\/IMG-20210610-WA0030-edited-768x769.jpg 768w\" sizes=\"auto, (max-width: 1200px) 100vw, 1200px\" \/><\/figure>\n\n\n\n<h3 class=\"has-text-align-center wp-block-heading\">Knoten-Stirnband<\/h3>\n\n\n\n<p class=\"has-text-align-center\">Stirnband mit Stil. Hochwertig verarbeitetes Knotenstirnband mit individualisierbarem Lederpatch. <\/p>\n\n\n\n<div class=\"wp-block-buttons is-layout-flex wp-block-buttons-is-layout-flex\">\n<div class=\"wp-block-button has-custom-width wp-block-button__width-100 is-style-primary\"><a class=\"wp-block-button__link\" href=\"https:\/\/heartwerk-werbemanufaktur.de\/?page_id=130\">Konfigurieren<\/a><\/div>\n<\/div>\n<\/div>\n<\/div>\n\n\n\n<hr class=\"wp-block-separator has-text-color has-background has-neve-link-hover-color-background-color has-neve-link-hover-color-color is-style-wide\"\/>\n\n\n\n<div class=\"wp-block-columns is-layout-flex wp-container-core-columns-is-layout-9d6595d7 wp-block-columns-is-layout-flex\">\n<div class=\"wp-block-column is-layout-flow wp-block-column-is-layout-flow\">\n<figure class=\"wp-block-image size-large is-resized\"><img loading=\"lazy\" decoding=\"async\" src=\"https:\/\/heartwerk-werbemanufaktur.de\/wp-content\/uploads\/2021\/06\/IMG-20210610-WA0025-2-edited.jpg\" alt=\"\" class=\"wp-image-90\" width=\"357\" height=\"356\" srcset=\"https:\/\/heartwerk-werbemanufaktur.de\/wp-content\/uploads\/2021\/06\/IMG-20210610-WA0025-2-edited.jpg 1200w, https:\/\/heartwerk-werbemanufaktur.de\/wp-content\/uploads\/2021\/06\/IMG-20210610-WA0025-2-edited-300x300.jpg 300w, https:\/\/heartwerk-werbemanufaktur.de\/wp-content\/uploads\/2021\/06\/IMG-20210610-WA0025-2-edited-1024x1022.jpg 1024w, https:\/\/heartwerk-werbemanufaktur.de\/wp-content\/uploads\/2021\/06\/IMG-20210610-WA0025-2-edited-150x150.jpg 150w, https:\/\/heartwerk-werbemanufaktur.de\/wp-content\/uploads\/2021\/06\/IMG-20210610-WA0025-2-edited-768x767.jpg 768w\" sizes=\"auto, (max-width: 357px) 100vw, 357px\" \/><\/figure>\n<\/div>\n\n\n\n<div class=\"wp-block-column is-layout-flow wp-block-column-is-layout-flow\">\n<figure class=\"wp-block-image size-large\"><img loading=\"lazy\" decoding=\"async\" width=\"1200\" height=\"1198\" src=\"https:\/\/heartwerk-werbemanufaktur.de\/wp-content\/uploads\/2021\/06\/IMG-20210610-WA0015-edited.jpg\" alt=\"\" class=\"wp-image-91\" srcset=\"https:\/\/heartwerk-werbemanufaktur.de\/wp-content\/uploads\/2021\/06\/IMG-20210610-WA0015-edited.jpg 1200w, https:\/\/heartwerk-werbemanufaktur.de\/wp-content\/uploads\/2021\/06\/IMG-20210610-WA0015-edited-300x300.jpg 300w, https:\/\/heartwerk-werbemanufaktur.de\/wp-content\/uploads\/2021\/06\/IMG-20210610-WA0015-edited-1024x1022.jpg 1024w, https:\/\/heartwerk-werbemanufaktur.de\/wp-content\/uploads\/2021\/06\/IMG-20210610-WA0015-edited-150x150.jpg 150w, https:\/\/heartwerk-werbemanufaktur.de\/wp-content\/uploads\/2021\/06\/IMG-20210610-WA0015-edited-768x767.jpg 768w\" sizes=\"auto, (max-width: 1200px) 100vw, 1200px\" \/><\/figure>\n<\/div>\n\n\n\n<div class=\"wp-block-column is-vertically-aligned-center is-layout-flow wp-block-column-is-layout-flow\">\n<h3 class=\"wp-block-heading\">Ihr individuelles Wunschprodukt<\/h3>\n\n\n\n<p>Noch nicht das passende Produkt gefunden? Kein Problem, wir gestalten beinahe jedes Produkt auf Kundenwunsch. Sprechen Sie uns einfach an!<\/p>\n\n\n\n<div class=\"wp-block-buttons is-layout-flex wp-block-buttons-is-layout-flex\">\n<div class=\"wp-block-button has-custom-width wp-block-button__width-100 is-style-primary\"><a class=\"wp-block-button__link has-nv-site-bg-color has-text-color\" href=\"https:\/\/heartwerk-werbemanufaktur.de\/?page_id=130\">ANFRAGEN<\/a><\/div>\n<\/div>\n\n\n\n<p><\/p>\n<\/div>\n<\/div>\n\n\n\n<p><\/p>\n","protected":false},"excerpt":{"rendered":"<p>HeArtWerk Beanies Veredlung mit individuellem Logo in h\u00f6chster Qualit\u00e4t. Edel &#8211; Stylisch &#8211; Individuell. Fr\u00fchst\u00fccksbrettchen Hochwertiges Holz aus der Region mit individueller Lasergravur. L\u00e4sst keine Gestaltungsw\u00fcnsche offen. Kaffee-\/Tee-Tasse Der Klassiker unter den Werbegoodies. Gro\u00dfe Auswahl an Modellen mit individueller Gestaltungsm\u00f6glichkeit. Gl\u00e4ser mit Gravur Mehrzweck-, Wein- oder Biergl\u00e4ser. Hier bleiben keine W\u00fcnsche offen. Wir gestalten Ihr&hellip;&nbsp;<a href=\"https:\/\/heartwerk-werbemanufaktur.de\/?page_id=18\" rel=\"bookmark\">Weiterlesen &raquo;<span class=\"screen-reader-text\">Produkte<\/span><\/a><\/p>\n","protected":false},"author":2,"featured_media":0,"parent":0,"menu_order":0,"comment_status":"closed","ping_status":"closed","template":"","meta":{"neve_meta_sidebar":"","neve_meta_container":"","neve_meta_enable_content_width":"on","neve_meta_content_width":100,"neve_meta_title_alignment":"","neve_meta_author_avatar":"","neve_post_elements_order":"","neve_meta_disable_header":"","neve_meta_disable_footer":"","neve_meta_disable_title":"on","footnotes":""},"class_list":["post-18","page","type-page","status-publish","hentry"],"_links":{"self":[{"href":"https:\/\/heartwerk-werbemanufaktur.de\/index.php?rest_route=\/wp\/v2\/pages\/18","targetHints":{"allow":["GET"]}}],"collection":[{"href":"https:\/\/heartwerk-werbemanufaktur.de\/index.php?rest_route=\/wp\/v2\/pages"}],"about":[{"href":"https:\/\/heartwerk-werbemanufaktur.de\/index.php?rest_route=\/wp\/v2\/types\/page"}],"author":[{"embeddable":true,"href":"https:\/\/heartwerk-werbemanufaktur.de\/index.php?rest_route=\/wp\/v2\/users\/2"}],"replies":[{"embeddable":true,"href":"https:\/\/heartwerk-werbemanufaktur.de\/index.php?rest_route=%2Fwp%2Fv2%2Fcomments&post=18"}],"version-history":[{"count":11,"href":"https:\/\/heartwerk-werbemanufaktur.de\/index.php?rest_route=\/wp\/v2\/pages\/18\/revisions"}],"predecessor-version":[{"id":137,"href":"https:\/\/heartwerk-werbemanufaktur.de\/index.php?rest_route=\/wp\/v2\/pages\/18\/revisions\/137"}],"wp:attachment":[{"href":"https:\/\/heartwerk-werbemanufaktur.de\/index.php?rest_route=%2Fwp%2Fv2%2Fmedia&parent=18"}],"curies":[{"name":"wp","href":"https:\/\/api.w.org\/{rel}","templated":true}]}}